{"id":13520,"date":"2026-04-28T14:49:29","date_gmt":"2026-04-28T12:49:29","guid":{"rendered":"https:\/\/atp-solarmountings.com\/?page_id=13520"},"modified":"2026-04-28T14:53:08","modified_gmt":"2026-04-28T12:53:08","slug":"shipping-terms-shipping-costs","status":"publish","type":"page","link":"https:\/\/atp-solarmountings.com\/en\/shipping-terms-shipping-costs","title":{"rendered":"Shipping Terms &amp; Shipping Costs"},"content":{"rendered":"<p><div class=\"fusion-fullwidth fullwidth-box fusion-builder-row-1 fusion-flex-container has-pattern-background has-mask-background hundred-percent-fullwidth non-hundred-percent-height-scrolling\" style=\"--awb-border-radius-top-left:0px;--awb-border-radius-top-right:0px;--awb-border-radius-bottom-right:0px;--awb-border-radius-bottom-left:0px;--awb-padding-right:9vw;--awb-padding-left:9vw;--awb-flex-wrap:wrap;\" ><div class=\"fusion-builder-row fusion-row fusion-flex-align-items-flex-start fusion-flex-content-wrap\" style=\"width:104% !important;max-width:104% !important;margin-left: calc(-4% \/ 2 );margin-right: calc(-4% \/ 2 );\"><div class=\"fusion-layout-column fusion_builder_column fusion-builder-column-0 fusion_builder_column_1_1 1_1 fusion-flex-column\" style=\"--awb-bg-size:cover;--awb-width-large:100%;--awb-margin-top-large:16px;--awb-spacing-right-large:1.92%;--awb-margin-bottom-large:16px;--awb-spacing-left-large:1.92%;--awb-width-medium:100%;--awb-order-medium:0;--awb-spacing-right-medium:1.92%;--awb-spacing-left-medium:1.92%;--awb-width-small:100%;--awb-order-small:0;--awb-spacing-right-small:1.92%;--awb-spacing-left-small:1.92%;\"><div class=\"fusion-column-wrapper fusion-column-has-shadow fusion-flex-justify-content-flex-start fusion-content-layout-column\"><div class=\"fusion-title title fusion-title-1 fusion-sep-none fusion-title-text fusion-title-size-one\"><h1 class=\"fusion-title-heading title-heading-left fusion-responsive-typography-calculated\" style=\"margin:0;--fontSize:60;line-height:1.12;\">Unsere Versandbedingungen &amp; Versandkosten<\/h1><\/div><\/div><\/div><\/div><\/div><div class=\"fusion-fullwidth fullwidth-box fusion-builder-row-2 fusion-flex-container has-pattern-background has-mask-background hundred-percent-fullwidth non-hundred-percent-height-scrolling\" style=\"--awb-border-radius-top-left:0px;--awb-border-radius-top-right:0px;--awb-border-radius-bottom-right:0px;--awb-border-radius-bottom-left:0px;--awb-padding-right:9vw;--awb-padding-left:9vw;--awb-flex-wrap:wrap;\" ><div class=\"fusion-builder-row fusion-row fusion-flex-align-items-flex-start fusion-flex-content-wrap\" style=\"width:104% !important;max-width:104% !important;margin-left: calc(-4% \/ 2 );margin-right: calc(-4% \/ 2 );\"><div class=\"fusion-layout-column fusion_builder_column fusion-builder-column-1 fusion_builder_column_1_3 1_3 fusion-flex-column\" style=\"--awb-bg-size:cover;--awb-width-large:33.3333333333%;--awb-margin-top-large:16px;--awb-spacing-right-large:5.76%;--awb-margin-bottom-large:16px;--awb-spacing-left-large:5.76%;--awb-width-medium:33.3333333333%;--awb-order-medium:0;--awb-spacing-right-medium:5.76%;--awb-spacing-left-medium:5.76%;--awb-width-small:100%;--awb-order-small:0;--awb-spacing-right-small:1.92%;--awb-spacing-left-small:1.92%;\"><div class=\"fusion-column-wrapper fusion-column-has-shadow fusion-flex-justify-content-flex-start fusion-content-layout-column\"><div class=\"fusion-title title fusion-title-2 fusion-sep-none fusion-title-text fusion-title-size-four\"><h4 class=\"fusion-title-heading title-heading-left fusion-responsive-typography-calculated\" style=\"margin:0;--fontSize:32;line-height:1.24;\">Shipping Terms<\/h4><\/div><div class=\"fusion-text fusion-text-1\"><p>Wir versenden nach \u00d6sterreich und Deutschland.<\/p>\n<p>Die Lieferzeit betr\u00e4gt 4 bis 8 Arbeitstage.<\/p>\n<p>Bestellungen bis zu 210 kg und einer L\u00e4nge von nicht mehr als 3,6 m werden als Paketware versendet.<\/p>\n<p>Die Kosten des Paketversandes werden im Zuge der Bestellung im Kassenbereich ermittelt. Eine Vorabinformation kann \u00fcber die Warenkorbseite eingeholt werden. Geben Sie hierf\u00fcr bitte Ihre Versanddestination ein.<\/p>\n<p>Frachten \u00fcber 30 kg werden telefonisch avisiert.<\/p>\n<p>Bitte beachten Sie, dass bei Bestellungen \u00fcber 20 kg nur ein einmaliger Anlieferungsversuch unternommen wird.<\/p>\n<p>F\u00fcr Lieferungen \u00fcber 210 kg oder au\u00dferhalb von \u00d6sterreich oder Deutschland senden Sie uns bitte eine Anfrage!<\/p>\n<\/div><div class=\"fusion-title title fusion-title-3 fusion-sep-none fusion-title-text fusion-title-size-five\"><h5 class=\"fusion-title-heading title-heading-left fusion-responsive-typography-calculated\" style=\"margin:0;--fontSize:24;line-height:1.4;\">Besch\u00e4digte oder verlorene Bestellungen<\/h5><\/div><div class=\"fusion-text fusion-text-2\"><p>Sollte Ihr Paket besch\u00e4digt ankommen oder auf dem Transportweg verloren gehen, kontaktiere uns bitte umgehend unter office@atp-solarmountings.com.<\/p>\n<p>Besch\u00e4digte Ware: Bitte senden Sie uns Fotos der besch\u00e4digten Artikel sowie der Verpackung.<\/p>\n<p>Verlorene Pakete: Falls Ihre Bestellung 9 Arbeitstagen nach Versandbenachrichtigung nicht angekommen ist, kontaktieren Sie uns bitte unter office@atp-solarmountings.com. Wir pr\u00fcfen den Status mit dem Versanddienstleister und veranlassen ggf. eine Ersatzlieferung oder Erstattung.<\/p>\n<\/div><div class=\"fusion-title title fusion-title-4 fusion-sep-none fusion-title-text fusion-title-size-five\"><h5 class=\"fusion-title-heading title-heading-left fusion-responsive-typography-calculated\" style=\"margin:0;--fontSize:24;line-height:1.4;\">Right of Withdrawal and Return Shipping<\/h5><\/div><div class=\"fusion-text fusion-text-3\"><p>Informationen zum R\u00fccktrittsrecht \/ Widerrufsbelehrung finden Sie <a href=\"https:\/\/atp-solarmountings.com\/en\/cancellation-policy-right-of-withdrawal\">hier<\/a>.<\/p>\n<p>Sie tragen die Kosten des R\u00fcckversandes.<\/p>\n<\/div><\/div><\/div><div class=\"fusion-layout-column fusion_builder_column fusion-builder-column-2 fusion_builder_column_1_3 1_3 fusion-flex-column\" style=\"--awb-bg-size:cover;--awb-width-large:33.3333333333%;--awb-margin-top-large:16px;--awb-spacing-right-large:5.76%;--awb-margin-bottom-large:16px;--awb-spacing-left-large:5.76%;--awb-width-medium:33.3333333333%;--awb-order-medium:0;--awb-spacing-right-medium:5.76%;--awb-spacing-left-medium:5.76%;--awb-width-small:100%;--awb-order-small:0;--awb-spacing-right-small:1.92%;--awb-spacing-left-small:1.92%;\"><div class=\"fusion-column-wrapper fusion-column-has-shadow fusion-flex-justify-content-flex-start fusion-content-layout-column\"><div class=\"fusion-title title fusion-title-5 fusion-sep-none fusion-title-text fusion-title-size-four\"><h4 class=\"fusion-title-heading title-heading-left fusion-responsive-typography-calculated\" style=\"margin:0;--fontSize:32;line-height:1.24;\">Shipping Cost Austria<\/h4><\/div>\n<div class=\"table-1\">\n<table width=\"100%\">\n<thead>\n<tr>\n<th align=\"left\">Gewicht<\/th>\n<th align=\"left\">Versandkosten EUR inkl. USt.<\/th>\n<\/tr>\n<\/thead>\n<tbody>\n<tr>\n<td align=\"left\">bis 4 kg<\/td>\n<td align=\"left\">9,50<\/td>\n<\/tr>\n<tr>\n<td align=\"left\">4 kg bis 10 kg<\/td>\n<td align=\"left\">13,50<\/td>\n<\/tr>\n<tr>\n<td align=\"left\">10 kg bis 20 kg<\/td>\n<td align=\"left\">21,50<\/td>\n<\/tr>\n<tr>\n<td align=\"left\">20 kg bis 30 kg<\/td>\n<td align=\"left\">29,50<\/td>\n<\/tr>\n<tr>\n<td align=\"left\">30 kg bis 60 kg<\/td>\n<td align=\"left\">39,50<\/td>\n<\/tr>\n<tr>\n<td align=\"left\">60 kg bis 90 kg<\/td>\n<td align=\"left\">41,50<\/td>\n<\/tr>\n<tr>\n<td align=\"left\">90 kg bis 120 kg<\/td>\n<td align=\"left\">43,50<\/td>\n<\/tr>\n<tr>\n<td align=\"left\">120 kg bis 150 kg<\/td>\n<td align=\"left\">45,50<\/td>\n<\/tr>\n<tr>\n<td align=\"left\">150 kg bis 180 kg<\/td>\n<td align=\"left\">47,50<\/td>\n<\/tr>\n<tr>\n<td align=\"left\">180 kg bis 210 kg<\/td>\n<td align=\"left\">49,50<\/td>\n<\/tr>\n<\/tbody>\n<\/table>\n<\/div>\n<\/div><\/div><div class=\"fusion-layout-column fusion_builder_column fusion-builder-column-3 fusion_builder_column_1_3 1_3 fusion-flex-column\" style=\"--awb-bg-size:cover;--awb-width-large:33.3333333333%;--awb-margin-top-large:16px;--awb-spacing-right-large:5.76%;--awb-margin-bottom-large:16px;--awb-spacing-left-large:5.76%;--awb-width-medium:33.3333333333%;--awb-order-medium:0;--awb-spacing-right-medium:5.76%;--awb-spacing-left-medium:5.76%;--awb-width-small:100%;--awb-order-small:0;--awb-spacing-right-small:1.92%;--awb-spacing-left-small:1.92%;\"><div class=\"fusion-column-wrapper fusion-column-has-shadow fusion-flex-justify-content-flex-start fusion-content-layout-column\"><div class=\"fusion-title title fusion-title-6 fusion-sep-none fusion-title-text fusion-title-size-four\"><h4 class=\"fusion-title-heading title-heading-left fusion-responsive-typography-calculated\" style=\"margin:0;--fontSize:32;line-height:1.24;\">Shipping Cost Germany<\/h4><\/div>\n<div class=\"table-1\">\n<table width=\"100%\">\n<thead>\n<tr>\n<th align=\"left\">Gewicht<\/th>\n<th align=\"left\">Versandkosten EUR inkl. USt.<\/th>\n<\/tr>\n<\/thead>\n<tbody>\n<tr>\n<td align=\"left\">bis 4 kg<\/td>\n<td align=\"left\">19,80<\/td>\n<\/tr>\n<tr>\n<td align=\"left\">4 kg bis 10 kg<\/td>\n<td align=\"left\">23,80<\/td>\n<\/tr>\n<tr>\n<td align=\"left\">10 kg bis 30 kg<\/td>\n<td align=\"left\">29,80<\/td>\n<\/tr>\n<tr>\n<td align=\"left\">30 kg bis 60 kg<\/td>\n<td align=\"left\">41,80<\/td>\n<\/tr>\n<tr>\n<td align=\"left\">60 kg bis 90 kg<\/td>\n<td align=\"left\">43,80<\/td>\n<\/tr>\n<tr>\n<td align=\"left\">90 kg bis 120 kg<\/td>\n<td align=\"left\">45,80<\/td>\n<\/tr>\n<tr>\n<td align=\"left\">120 kg bis 150 kg<\/td>\n<td align=\"left\">47,80<\/td>\n<\/tr>\n<tr>\n<td align=\"left\">150 kg bis 180 kg<\/td>\n<td align=\"left\">49,80<\/td>\n<\/tr>\n<tr>\n<td align=\"left\">180 kg bis 210 kg<\/td>\n<td align=\"left\">51,80<\/td>\n<\/tr>\n<\/tbody>\n<\/table>\n<\/div>\n<\/div><\/div><\/div><\/div><\/p>\n","protected":false},"excerpt":{"rendered":"","protected":false},"author":3,"featured_media":0,"parent":0,"menu_order":0,"comment_status":"closed","ping_status":"closed","template":"100-width.php","meta":{"_acf_changed":false,"footnotes":""},"class_list":["post-13520","page","type-page","status-publish","hentry"],"acf":[],"_links":{"self":[{"href":"https:\/\/atp-solarmountings.com\/en\/wp-json\/wp\/v2\/pages\/13520","targetHints":{"allow":["GET"]}}],"collection":[{"href":"https:\/\/atp-solarmountings.com\/en\/wp-json\/wp\/v2\/pages"}],"about":[{"href":"https:\/\/atp-solarmountings.com\/en\/wp-json\/wp\/v2\/types\/page"}],"author":[{"embeddable":true,"href":"https:\/\/atp-solarmountings.com\/en\/wp-json\/wp\/v2\/users\/3"}],"replies":[{"embeddable":true,"href":"https:\/\/atp-solarmountings.com\/en\/wp-json\/wp\/v2\/comments?post=13520"}],"version-history":[{"count":10,"href":"https:\/\/atp-solarmountings.com\/en\/wp-json\/wp\/v2\/pages\/13520\/revisions"}],"predecessor-version":[{"id":13550,"href":"https:\/\/atp-solarmountings.com\/en\/wp-json\/wp\/v2\/pages\/13520\/revisions\/13550"}],"wp:attachment":[{"href":"https:\/\/atp-solarmountings.com\/en\/wp-json\/wp\/v2\/media?parent=13520"}],"curies":[{"name":"wp","href":"https:\/\/api.w.org\/{rel}","templated":true}]}}